{"id":1364,"date":"2021-09-16T13:25:24","date_gmt":"2021-09-16T12:25:24","guid":{"rendered":"https:\/\/neuseeland-2012.nicole-und-fred-sind-unterwegs.de\/?page_id=1364"},"modified":"2021-09-16T13:25:24","modified_gmt":"2021-09-16T12:25:24","slug":"wir-das-sind-2","status":"publish","type":"page","link":"https:\/\/neuseeland-2012.nicole-und-fred-sind-unterwegs.de\/?page_id=1364","title":{"rendered":"Wir das sind &#8230;"},"content":{"rendered":"\n<p><strong>Vor dem Wir&nbsp;kommt das Warum:<\/strong><\/p>\n\n\n\n<p>so ganz genau wei\u00df man eigentlich nicht mehr wie es passiert ist und wer daran die Schuld tr\u00e4gt &#8211; aber irgenwann in den letzten zwei Jahren oder vielleicht ware es auch drei Jahren, versprach irgend jemand (Nicole steht sehr stark unter Verdacht &#8211; Nicole w\u00fcrde sicher was anderes behaupten, aber da ich den Artikel verfasse &#8211; Pech gehabt :-)) der Christl, dass wenn sie artig spart und die Groschen nicht mehr alle bei H&amp;M ausgibt &#8211; wir (das sind Nicole und Fred) zu dritt Neuseeland bereisen. Christl hat ja schon viel gesehen, also da sind Bayern, Rum\u00e4nien (da ist sie geboren) und Griechenland &#8211; aber eine Reise an das&nbsp;anderer Ende der Welt hat sie bis Dato noch nicht gemacht. Au\u00dferdem wer konnte ahnen das die Christl wirklich so viel spart, damit war echt nicht zu rechnen &#8211; wenn man ihren Kleiderschrank n\u00e4her betrachtet. Nachdem Christl&nbsp;so brav gespart hat ging es im Fr\u00fchjahr 2009 an den ersten Versuch einen Neuseelandurlaub zu planen. Leider war Christls Arbeitgeber nicht in der Lage (haha) ihr f\u00fcr den geplanten Zeitraum Februar &#8211; M\u00e4rz 2011 5 Wochen Urlaub zu genehmigen. Da flossen dann zum erstenmal die Tr\u00e4nen.<\/p>\n\n\n\n<p>Allerdings wurde Christl in Aussicht gestellt, dass sie in 2012 diesen Urlaub bekommen w\u00fcrde. Also wurde das Vorhaben um ein Jahr verschoben. Und siehe da in 2012 hat sie den ben\u00f6tigen Urlaub bekommen. In der Zwischenzeit ist aus der geplanten dreier Gruppe eine vierer Gruppe geworden &#8211; Markus, Christls Freund konnte seinen neuen Arbeitgeber davon \u00fcberzeugen, das es absolut notwendig ist, dass er mit Christl nach Neuseeland Reisen muss.<\/p>\n\n\n\n<p>Okay nachdem Warum kann jetzt das Wir gekl\u00e4rt werden:<\/p>\n\n\n\n<div style=\"height:100px\" aria-hidden=\"true\" class=\"wp-block-spacer\"><\/div>\n\n\n\n<h3><strong>&#8222;Christl&#8220; &#8211; Christiane Ernst :<\/strong><\/h3>\n\n\n\n<div class=\"wp-block-columns\">\n<div class=\"wp-block-column\" style=\"flex-basis:50%\">\n<figure class=\"wp-block-image is-resized\"><a href=\"https:\/\/neuseeland-2012.nicole-und-fred-sind-unterwegs.de\/wp-content\/uploads\/2011\/08\/SDC11041.jpg\"><img loading=\"lazy\" src=\"https:\/\/neuseeland-2012.nicole-und-fred-sind-unterwegs.de\/wp-content\/uploads\/2011\/08\/SDC11041-225x300.jpg\" alt=\"\" class=\"wp-image-31\" width=\"301\" height=\"401\" title=\"SDC11041\" srcset=\"https:\/\/neuseeland-2012.nicole-und-fred-sind-unterwegs.de\/wp-content\/uploads\/2011\/08\/SDC11041-225x300.jpg 225w, https:\/\/neuseeland-2012.nicole-und-fred-sind-unterwegs.de\/wp-content\/uploads\/2011\/08\/SDC11041-768x1024.jpg 768w\" sizes=\"(max-width: 301px) 100vw, 301px\" \/><\/a><\/figure>\n<\/div>\n\n\n\n<div class=\"wp-block-column is-vertically-aligned-center\" style=\"flex-basis:50%\">\n<ul><li>Ist der Grund warum wir alle nach Neuseeland fliegen<\/li><li>Selbsternannte Prinzessin<\/li><li>Erster Urlaub in einem Land das man nicht mit dem Auto erreichen kann<\/li><li>Freut sich besonders auf ihren Tadem-Fallschirmsprung und die Pinguine (&#8230;Schei\u00df Pinguine)<\/li><\/ul>\n<\/div>\n<\/div>\n\n\n\n<div style=\"height:100px\" aria-hidden=\"true\" class=\"wp-block-spacer\"><\/div>\n\n\n\n<h3><strong>&#8222;Nicole&#8220; &#8211; Nicole Krausgrill:<\/strong><\/h3>\n\n\n\n<div class=\"wp-block-columns\">\n<div class=\"wp-block-column\" style=\"flex-basis:50%\">\n<figure class=\"wp-block-image is-resized\"><a href=\"https:\/\/neuseeland-2012.nicole-und-fred-sind-unterwegs.de\/wp-content\/uploads\/2011\/08\/01-IMG_2468.jpg\"><img loading=\"lazy\" src=\"https:\/\/neuseeland-2012.nicole-und-fred-sind-unterwegs.de\/wp-content\/uploads\/2011\/08\/01-IMG_2468-300x225.jpg\" alt=\"\" class=\"wp-image-18\" width=\"354\" height=\"266\" title=\"01-IMG_2468\" srcset=\"https:\/\/neuseeland-2012.nicole-und-fred-sind-unterwegs.de\/wp-content\/uploads\/2011\/08\/01-IMG_2468-300x225.jpg 300w, https:\/\/neuseeland-2012.nicole-und-fred-sind-unterwegs.de\/wp-content\/uploads\/2011\/08\/01-IMG_2468-1024x768.jpg 1024w, https:\/\/neuseeland-2012.nicole-und-fred-sind-unterwegs.de\/wp-content\/uploads\/2011\/08\/01-IMG_2468.jpg 2048w\" sizes=\"(max-width: 354px) 100vw, 354px\" \/><\/a><\/figure>\n<\/div>\n\n\n\n<div class=\"wp-block-column is-vertically-aligned-center\" style=\"flex-basis:50%\">\n<ul><li>Vermisst jetzt schon ihre Katzen<\/li><li>Organisationstalent<\/li><li>Beste Katzenmutter der Nation<\/li><li>Ist ihr&nbsp;vierter Neuseelandurlaub<\/li><li>Kennt die besten Hostels in Neuseeland<\/li><li>Freut sich besonders auf Auckland und Waiheke<\/li><\/ul>\n<\/div>\n<\/div>\n\n\n\n<div style=\"height:100px\" aria-hidden=\"true\" class=\"wp-block-spacer\"><\/div>\n\n\n\n<h3><strong>&#8222;Markus&#8220;&nbsp;&#8211; Markus Schwanzer<\/strong><\/h3>\n\n\n\n<div class=\"wp-block-columns\">\n<div class=\"wp-block-column\" style=\"flex-basis:50%\">\n<figure class=\"wp-block-image is-resized\"><a href=\"https:\/\/neuseeland-2012.nicole-und-fred-sind-unterwegs.de\/wp-content\/uploads\/2011\/08\/GOPR8620.jpg\"><img loading=\"lazy\" src=\"https:\/\/neuseeland-2012.nicole-und-fred-sind-unterwegs.de\/wp-content\/uploads\/2011\/08\/GOPR8620-300x207.jpg\" alt=\"\" class=\"wp-image-161\" width=\"357\" height=\"246\" title=\"skydive2011\" srcset=\"https:\/\/neuseeland-2012.nicole-und-fred-sind-unterwegs.de\/wp-content\/uploads\/2011\/08\/GOPR8620-300x207.jpg 300w, https:\/\/neuseeland-2012.nicole-und-fred-sind-unterwegs.de\/wp-content\/uploads\/2011\/08\/GOPR8620.jpg 640w\" sizes=\"(max-width: 357px) 100vw, 357px\" \/><\/a><\/figure>\n<\/div>\n\n\n\n<div class=\"wp-block-column is-vertically-aligned-center\" style=\"flex-basis:50%\">\n<ul><li>Kam als letzter dazu<\/li><li>Hat sich irgendwie in Christls Herz geschlichen<\/li><li>Freut sich auf alles oder nichts (ist noch nicht so ganz klar)<\/li><li>Hat jetzt eine goldene Visa Karte vom ADAC<\/li><li>Sein Motto f\u00fcr den Urlaub : Bewegen und Action<\/li><\/ul>\n<\/div>\n<\/div>\n\n\n\n<div style=\"height:100px\" aria-hidden=\"true\" class=\"wp-block-spacer\"><\/div>\n\n\n\n<h3><strong>&#8222;Fred&#8220; &#8211; Friedhelm Bergmann<\/strong><\/h3>\n\n\n\n<div class=\"wp-block-columns\">\n<div class=\"wp-block-column\" style=\"flex-basis:50%\">\n<figure class=\"wp-block-image is-resized\"><a href=\"https:\/\/neuseeland-2012.nicole-und-fred-sind-unterwegs.de\/wp-content\/uploads\/2011\/08\/IMG_2684.jpg\"><img loading=\"lazy\" src=\"https:\/\/neuseeland-2012.nicole-und-fred-sind-unterwegs.de\/wp-content\/uploads\/2011\/08\/IMG_2684-300x225.jpg\" alt=\"\" class=\"wp-image-20\" width=\"329\" height=\"247\" title=\"IMG_2684\" srcset=\"https:\/\/neuseeland-2012.nicole-und-fred-sind-unterwegs.de\/wp-content\/uploads\/2011\/08\/IMG_2684-300x225.jpg 300w, https:\/\/neuseeland-2012.nicole-und-fred-sind-unterwegs.de\/wp-content\/uploads\/2011\/08\/IMG_2684-1024x768.jpg 1024w, https:\/\/neuseeland-2012.nicole-und-fred-sind-unterwegs.de\/wp-content\/uploads\/2011\/08\/IMG_2684.jpg 2048w\" sizes=\"(max-width: 329px) 100vw, 329px\" \/><\/a><\/figure>\n<\/div>\n\n\n\n<div class=\"wp-block-column is-vertically-aligned-center\" style=\"flex-basis:50%\">\n<ul><li>W\u00fcrde gern&nbsp;viele Zwischenstops machen (Singapur, Sydney, Bankok, Dubai, Fiji)<\/li><li>Ist sein dritter Neuseelandurlaub<\/li><li>Freut sich auf den Abel Tasman National Park und die Golden Bay<\/li><li>Hofft auf einen French Toast im French Cafe in Browns Bay<\/li><\/ul>\n<\/div>\n<\/div>\n\n\n\n<div style=\"height:100px\" aria-hidden=\"true\" class=\"wp-block-spacer\"><\/div>\n","protected":false},"excerpt":{"rendered":"<p>Vor dem Wir&nbsp;kommt das Warum: so ganz genau wei\u00df man eigentlich nicht mehr wie es passiert ist und wer daran die Schuld tr\u00e4gt &#8211; aber irgenwann in den letzten zwei Jahren oder vielleicht ware es auch drei Jahren, versprach irgend jemand (Nicole steht sehr stark unter Verdacht &#8211; Nicole w\u00fcrde sicher was anderes behaupten, aber da ich den Artikel verfasse [&hellip;]<\/p>\n","protected":false},"author":3,"featured_media":0,"parent":0,"menu_order":0,"comment_status":"closed","ping_status":"closed","template":"","meta":{"ngg_post_thumbnail":0},"_links":{"self":[{"href":"https:\/\/neuseeland-2012.nicole-und-fred-sind-unterwegs.de\/index.php?rest_route=\/wp\/v2\/pages\/1364"}],"collection":[{"href":"https:\/\/neuseeland-2012.nicole-und-fred-sind-unterwegs.de\/index.php?rest_route=\/wp\/v2\/pages"}],"about":[{"href":"https:\/\/neuseeland-2012.nicole-und-fred-sind-unterwegs.de\/index.php?rest_route=\/wp\/v2\/types\/page"}],"author":[{"embeddable":true,"href":"https:\/\/neuseeland-2012.nicole-und-fred-sind-unterwegs.de\/index.php?rest_route=\/wp\/v2\/users\/3"}],"replies":[{"embeddable":true,"href":"https:\/\/neuseeland-2012.nicole-und-fred-sind-unterwegs.de\/index.php?rest_route=%2Fwp%2Fv2%2Fcomments&post=1364"}],"version-history":[{"count":2,"href":"https:\/\/neuseeland-2012.nicole-und-fred-sind-unterwegs.de\/index.php?rest_route=\/wp\/v2\/pages\/1364\/revisions"}],"predecessor-version":[{"id":1367,"href":"https:\/\/neuseeland-2012.nicole-und-fred-sind-unterwegs.de\/index.php?rest_route=\/wp\/v2\/pages\/1364\/revisions\/1367"}],"wp:attachment":[{"href":"https:\/\/neuseeland-2012.nicole-und-fred-sind-unterwegs.de\/index.php?rest_route=%2Fwp%2Fv2%2Fmedia&parent=1364"}],"curies":[{"name":"wp","href":"https:\/\/api.w.org\/{rel}","templated":true}]}}